{"id":561,"date":"2021-09-28T21:56:21","date_gmt":"2021-09-28T18:56:21","guid":{"rendered":"https:\/\/www.asilsanmuhendislik.com.tr\/?page_id=561"},"modified":"2021-09-28T23:49:08","modified_gmt":"2021-09-28T20:49:08","slug":"diger-urunler","status":"publish","type":"page","link":"https:\/\/www.asilsanmuhendislik.com.tr\/fr\/diger-urunler\/","title":{"rendered":"Di\u011fer \u00dcr\u00fcnler"},"content":{"rendered":"<div  class=\"fullwidth-content ui--section clearfix\"><div  class=\"ui--section-content\"><div class=\"container\"><div class=\"ui--title ui--animation ui--title-bordered text-left\"><div class=\"ui--title-holder\"><h3 class=\"ui--title-text\">Exproof Olmayan <strong>Ayd\u0131nlatma \u00dcr\u00fcnleri<\/strong><\/h3><div class=\"ui--title-borders ui--title-border-left\"><\/div><div class=\"ui--title-borders ui--title-border-right\"><\/div><\/div><\/div><div class=\"ui--carousel clearfix\" data-options=\"{&quot;effect&quot;:&quot;slide&quot;,&quot;auto_rotate&quot;:&quot;1&quot;,&quot;animation_loop&quot;:&quot;0&quot;,&quot;arrows&quot;:&quot;1&quot;,&quot;rotate_time&quot;:0,&quot;animate&quot;:true}\"><div class=\"slides\"><div class=\"ui-row row\">\n <div   class=\"ui-column span3\"><div class=\"ui--box-widget\"><div class=\"ui--block ui--content-item ui--pass ui--animation\"><div  class=\"ui--content-box ui--box ui-row\"><div class=\"ui--content-box-header\"><div class=\"ui--content-box-media effect--fade type--default clearfix\" style=\"padding-bottom: 56.25%;\"><a class=\"ui--content-box-link\" href=\"https:\/\/www.asilsanmuhendislik.com.tr\/fr\/projektorler\/\"><div class=\"ui--content-box-image-default\"><img decoding=\"async\" class=\"ui--content-box-image\" src=\"https:\/\/www.asilsanmuhendislik.com.tr\/wp-content\/uploads\/2021\/09\/projektorler-570x321.jpg\" alt=\"\" title=\"\"><\/div><div class=\"ui--content-box-overlay\"><div class=\"ui--content-box-overlay-background\"><\/div><div class=\"center\"><span class=\"btn btn-grey ui--center-vertical\"><span class=\"ui--content-box-overlay-button-text\">Caract\u00e9ristiques du produit<\/span><span class=\"ui--content-box-overlay-button-icon\"><i class=\"ui--icon fontawesome-angle-right\"><\/i><\/span><\/span><\/div><\/div><\/a><\/div><a class=\"ui--content-box-link\" href=\"https:\/\/www.asilsanmuhendislik.com.tr\/fr\/projektorler\/\"><div class=\"ui--content-box-title ui--gradient ui--gradient-grey on--hover clearfix text-center\"><h5 class=\"ui--content-box-title-text\">Projekt\u00f6rler<\/h5><\/div><\/a><\/div><\/div><div class=\"ui--shadow ui--shadow-type-1 ui--shadow-abs ui--shadow-reset clearfix\"><img decoding=\"async\" src=\"https:\/\/www.asilsanmuhendislik.com.tr\/wp-content\/themes\/envision\/includes\/modules\/module.shadow\/shadows\/shadow-1.png\" alt=\"shadow\" title=\"\"><\/div><\/div><\/div><\/div> \n\n <div   class=\"ui-column span3\"><div class=\"ui--box-widget\"><div class=\"ui--block ui--content-item ui--pass ui--animation\"><div  class=\"ui--content-box ui--box ui-row\"><div class=\"ui--content-box-header\"><div class=\"ui--content-box-media effect--fade type--default clearfix\" style=\"padding-bottom: 56.25%;\"><a class=\"ui--content-box-link\" href=\"https:\/\/www.asilsanmuhendislik.com.tr\/fr\/yuksek-tavan-armaturler\/\"><div class=\"ui--content-box-image-default\"><img decoding=\"async\" class=\"ui--content-box-image\" src=\"https:\/\/www.asilsanmuhendislik.com.tr\/wp-content\/uploads\/2021\/09\/yuksek-tavan-armaturler-570x321.jpg\" alt=\"\" title=\"\"><\/div><div class=\"ui--content-box-overlay\"><div class=\"ui--content-box-overlay-background\"><\/div><div class=\"center\"><span class=\"btn btn-grey ui--center-vertical\"><span class=\"ui--content-box-overlay-button-text\">Caract\u00e9ristiques du produit<\/span><span class=\"ui--content-box-overlay-button-icon\"><i class=\"ui--icon fontawesome-angle-right\"><\/i><\/span><\/span><\/div><\/div><\/a><\/div><a class=\"ui--content-box-link\" href=\"https:\/\/www.asilsanmuhendislik.com.tr\/fr\/yuksek-tavan-armaturler\/\"><div class=\"ui--content-box-title ui--gradient ui--gradient-grey on--hover clearfix text-center\"><h5 class=\"ui--content-box-title-text\">Y\u00fcksek Tavan Armat\u00fcrler<\/h5><\/div><\/a><\/div><\/div><div class=\"ui--shadow ui--shadow-type-1 ui--shadow-abs ui--shadow-reset clearfix\"><img decoding=\"async\" src=\"https:\/\/www.asilsanmuhendislik.com.tr\/wp-content\/themes\/envision\/includes\/modules\/module.shadow\/shadows\/shadow-1.png\" alt=\"shadow\" title=\"\"><\/div><\/div><\/div><\/div> \n\n <div   class=\"ui-column span3\"><div class=\"ui--box-widget\"><div class=\"ui--block ui--content-item ui--pass ui--animation\"><div  class=\"ui--content-box ui--box ui-row\"><div class=\"ui--content-box-header\"><div class=\"ui--content-box-media effect--fade type--default clearfix\" style=\"padding-bottom: 56.25%;\"><a class=\"ui--content-box-link\" href=\"https:\/\/www.asilsanmuhendislik.com.tr\/fr\/yol-sokak-armaturleri\/\"><div class=\"ui--content-box-image-default\"><img decoding=\"async\" class=\"ui--content-box-image\" src=\"https:\/\/www.asilsanmuhendislik.com.tr\/wp-content\/uploads\/2021\/09\/yol-ve-sokak-armaturleri-570x321.jpg\" alt=\"\" title=\"\"><\/div><div class=\"ui--content-box-overlay\"><div class=\"ui--content-box-overlay-background\"><\/div><div class=\"center\"><span class=\"btn btn-grey ui--center-vertical\"><span class=\"ui--content-box-overlay-button-text\">Caract\u00e9ristiques du produit<\/span><span class=\"ui--content-box-overlay-button-icon\"><i class=\"ui--icon fontawesome-angle-right\"><\/i><\/span><\/span><\/div><\/div><\/a><\/div><a class=\"ui--content-box-link\" href=\"https:\/\/www.asilsanmuhendislik.com.tr\/fr\/yol-sokak-armaturleri\/\"><div class=\"ui--content-box-title ui--gradient ui--gradient-grey on--hover clearfix text-center\"><h5 class=\"ui--content-box-title-text\">Yol & Sokak Armat\u00fcrleri<\/h5><\/div><\/a><\/div><\/div><div class=\"ui--shadow ui--shadow-type-1 ui--shadow-abs ui--shadow-reset clearfix\"><img decoding=\"async\" src=\"https:\/\/www.asilsanmuhendislik.com.tr\/wp-content\/themes\/envision\/includes\/modules\/module.shadow\/shadows\/shadow-1.png\" alt=\"shadow\" title=\"\"><\/div><\/div><\/div><\/div> \n\n <div   class=\"ui-column span3\"><div class=\"ui--box-widget\"><div class=\"ui--block ui--content-item ui--pass ui--animation\"><div  class=\"ui--content-box ui--box ui-row\"><div class=\"ui--content-box-header\"><div class=\"ui--content-box-media effect--fade type--default clearfix\" style=\"padding-bottom: 56.25%;\"><a class=\"ui--content-box-link\" href=\"https:\/\/www.asilsanmuhendislik.com.tr\/fr\/etanj-armaturler\/\"><div class=\"ui--content-box-image-default\"><img decoding=\"async\" class=\"ui--content-box-image\" src=\"https:\/\/www.asilsanmuhendislik.com.tr\/wp-content\/uploads\/2021\/09\/etanj-armaturler-570x321.jpg\" alt=\"\" title=\"\"><\/div><div class=\"ui--content-box-overlay\"><div class=\"ui--content-box-overlay-background\"><\/div><div class=\"center\"><span class=\"btn btn-grey ui--center-vertical\"><span class=\"ui--content-box-overlay-button-text\">Caract\u00e9ristiques du produit<\/span><span class=\"ui--content-box-overlay-button-icon\"><i class=\"ui--icon fontawesome-angle-right\"><\/i><\/span><\/span><\/div><\/div><\/a><\/div><a class=\"ui--content-box-link\" href=\"https:\/\/www.asilsanmuhendislik.com.tr\/fr\/etanj-armaturler\/\"><div class=\"ui--content-box-title ui--gradient ui--gradient-grey on--hover clearfix text-center\"><h5 class=\"ui--content-box-title-text\">Etanj Armat\u00fcrler<\/h5><\/div><\/a><\/div><\/div><div class=\"ui--shadow ui--shadow-type-1 ui--shadow-abs ui--shadow-reset clearfix\"><img decoding=\"async\" src=\"https:\/\/www.asilsanmuhendislik.com.tr\/wp-content\/themes\/envision\/includes\/modules\/module.shadow\/shadows\/shadow-1.png\" alt=\"shadow\" title=\"\"><\/div><\/div><\/div><\/div> \n\n<\/div> \n<\/div><\/div><div class=\"ui--carousel clearfix\" data-options=\"{&quot;effect&quot;:&quot;slide&quot;,&quot;auto_rotate&quot;:&quot;1&quot;,&quot;animation_loop&quot;:&quot;0&quot;,&quot;arrows&quot;:&quot;1&quot;,&quot;rotate_time&quot;:0,&quot;animate&quot;:true}\"><div class=\"slides\"><div class=\"ui-row row\">\n <div   class=\"ui-column span3\"><div class=\"ui--box-widget\"><div class=\"ui--block ui--content-item ui--pass ui--animation\"><div  class=\"ui--content-box ui--box ui-row\"><div class=\"ui--content-box-header\"><div class=\"ui--content-box-media effect--fade type--default clearfix\" style=\"padding-bottom: 56.25%;\"><a class=\"ui--content-box-link\" href=\"https:\/\/www.asilsanmuhendislik.com.tr\/fr\/lineer-armaturler\/\"><div class=\"ui--content-box-image-default\"><img decoding=\"async\" class=\"ui--content-box-image\" src=\"https:\/\/www.asilsanmuhendislik.com.tr\/wp-content\/uploads\/2021\/09\/lineer-armaturler-570x321.jpg\" alt=\"\" title=\"\"><\/div><div class=\"ui--content-box-overlay\"><div class=\"ui--content-box-overlay-background\"><\/div><div class=\"center\"><span class=\"btn btn-grey ui--center-vertical\"><span class=\"ui--content-box-overlay-button-text\">Caract\u00e9ristiques du produit<\/span><span class=\"ui--content-box-overlay-button-icon\"><i class=\"ui--icon fontawesome-angle-right\"><\/i><\/span><\/span><\/div><\/div><\/a><\/div><a class=\"ui--content-box-link\" href=\"https:\/\/www.asilsanmuhendislik.com.tr\/fr\/lineer-armaturler\/\"><div class=\"ui--content-box-title ui--gradient ui--gradient-grey on--hover clearfix text-center\"><h5 class=\"ui--content-box-title-text\">Lineer Armat\u00fcrler<\/h5><\/div><\/a><\/div><\/div><div class=\"ui--shadow ui--shadow-type-1 ui--shadow-abs ui--shadow-reset clearfix\"><img decoding=\"async\" src=\"https:\/\/www.asilsanmuhendislik.com.tr\/wp-content\/themes\/envision\/includes\/modules\/module.shadow\/shadows\/shadow-1.png\" alt=\"shadow\" title=\"\"><\/div><\/div><\/div><\/div> \n\n <div   class=\"ui-column span3\"><div class=\"ui--box-widget\"><div class=\"ui--block ui--content-item ui--pass ui--animation\"><div  class=\"ui--content-box ui--box ui-row\"><div class=\"ui--content-box-header\"><div class=\"ui--content-box-media effect--fade type--default clearfix\" style=\"padding-bottom: 56.25%;\"><a class=\"ui--content-box-link\" href=\"https:\/\/www.asilsanmuhendislik.com.tr\/fr\/downlight-armaturler\/\"><div class=\"ui--content-box-image-default\"><img decoding=\"async\" class=\"ui--content-box-image\" src=\"https:\/\/www.asilsanmuhendislik.com.tr\/wp-content\/uploads\/2021\/09\/downlight-armaturler-570x321.jpg\" alt=\"\" title=\"\"><\/div><div class=\"ui--content-box-overlay\"><div class=\"ui--content-box-overlay-background\"><\/div><div class=\"center\"><span class=\"btn btn-grey ui--center-vertical\"><span class=\"ui--content-box-overlay-button-text\">Caract\u00e9ristiques du produit<\/span><span class=\"ui--content-box-overlay-button-icon\"><i class=\"ui--icon fontawesome-angle-right\"><\/i><\/span><\/span><\/div><\/div><\/a><\/div><a class=\"ui--content-box-link\" href=\"https:\/\/www.asilsanmuhendislik.com.tr\/fr\/downlight-armaturler\/\"><div class=\"ui--content-box-title ui--gradient ui--gradient-grey on--hover clearfix text-center\"><h5 class=\"ui--content-box-title-text\">Downlight Armat\u00fcrler<\/h5><\/div><\/a><\/div><\/div><div class=\"ui--shadow ui--shadow-type-1 ui--shadow-abs ui--shadow-reset clearfix\"><img decoding=\"async\" src=\"https:\/\/www.asilsanmuhendislik.com.tr\/wp-content\/themes\/envision\/includes\/modules\/module.shadow\/shadows\/shadow-1.png\" alt=\"shadow\" title=\"\"><\/div><\/div><\/div><\/div> \n\n <div   class=\"ui-column span3\"><div class=\"ui--box-widget\"><div class=\"ui--block ui--content-item ui--pass ui--animation\"><div  class=\"ui--content-box ui--box ui-row\"><div class=\"ui--content-box-header\"><div class=\"ui--content-box-media effect--fade type--default clearfix\" style=\"padding-bottom: 56.25%;\"><a class=\"ui--content-box-link\" href=\"https:\/\/www.asilsanmuhendislik.com.tr\/fr\/panel-armaturler\/\"><div class=\"ui--content-box-image-default\"><img decoding=\"async\" class=\"ui--content-box-image\" src=\"https:\/\/www.asilsanmuhendislik.com.tr\/wp-content\/uploads\/2021\/09\/panel-armaturler-570x321.jpg\" alt=\"\" title=\"\"><\/div><div class=\"ui--content-box-overlay\"><div class=\"ui--content-box-overlay-background\"><\/div><div class=\"center\"><span class=\"btn btn-grey ui--center-vertical\"><span class=\"ui--content-box-overlay-button-text\">Caract\u00e9ristiques du produit<\/span><span class=\"ui--content-box-overlay-button-icon\"><i class=\"ui--icon fontawesome-angle-right\"><\/i><\/span><\/span><\/div><\/div><\/a><\/div><a class=\"ui--content-box-link\" href=\"https:\/\/www.asilsanmuhendislik.com.tr\/fr\/panel-armaturler\/\"><div class=\"ui--content-box-title ui--gradient ui--gradient-grey on--hover clearfix text-center\"><h5 class=\"ui--content-box-title-text\">Panel Armat\u00fcrler<\/h5><\/div><\/a><\/div><\/div><div class=\"ui--shadow ui--shadow-type-1 ui--shadow-abs ui--shadow-reset clearfix\"><img decoding=\"async\" src=\"https:\/\/www.asilsanmuhendislik.com.tr\/wp-content\/themes\/envision\/includes\/modules\/module.shadow\/shadows\/shadow-1.png\" alt=\"shadow\" title=\"\"><\/div><\/div><\/div><\/div> \n\n <div   class=\"ui-column span3\"><div class=\"ui--box-widget\"><div class=\"ui--block ui--content-item ui--pass ui--animation\"><div  class=\"ui--content-box ui--box ui-row\"><div class=\"ui--content-box-header\"><div class=\"ui--content-box-media effect--fade type--default clearfix\" style=\"padding-bottom: 56.25%;\"><a class=\"ui--content-box-link\" href=\"https:\/\/www.asilsanmuhendislik.com.tr\/fr\/steril-endirek-panel-armaturler\/\"><div class=\"ui--content-box-image-default\"><img decoding=\"async\" class=\"ui--content-box-image\" src=\"https:\/\/www.asilsanmuhendislik.com.tr\/wp-content\/uploads\/2021\/09\/steril-endirek-panel-armaturler-570x321.jpg\" alt=\"\" title=\"\"><\/div><div class=\"ui--content-box-overlay\"><div class=\"ui--content-box-overlay-background\"><\/div><div class=\"center\"><span class=\"btn btn-grey ui--center-vertical\"><span class=\"ui--content-box-overlay-button-text\">Caract\u00e9ristiques du produit<\/span><span class=\"ui--content-box-overlay-button-icon\"><i class=\"ui--icon fontawesome-angle-right\"><\/i><\/span><\/span><\/div><\/div><\/a><\/div><a class=\"ui--content-box-link\" href=\"https:\/\/www.asilsanmuhendislik.com.tr\/fr\/steril-endirek-panel-armaturler\/\"><div class=\"ui--content-box-title ui--gradient ui--gradient-grey on--hover clearfix text-center\"><h5 class=\"ui--content-box-title-text\">Steril-Endirek Panel Armat\u00fcrler<\/h5><\/div><\/a><\/div><\/div><div class=\"ui--shadow ui--shadow-type-1 ui--shadow-abs ui--shadow-reset clearfix\"><img decoding=\"async\" src=\"https:\/\/www.asilsanmuhendislik.com.tr\/wp-content\/themes\/envision\/includes\/modules\/module.shadow\/shadows\/shadow-1.png\" alt=\"shadow\" title=\"\"><\/div><\/div><\/div><\/div> \n\n<\/div> \n<\/div><\/div><div class=\"ui--carousel clearfix\" data-options=\"{&quot;effect&quot;:&quot;slide&quot;,&quot;auto_rotate&quot;:&quot;1&quot;,&quot;animation_loop&quot;:&quot;0&quot;,&quot;arrows&quot;:&quot;1&quot;,&quot;rotate_time&quot;:0,&quot;animate&quot;:true}\"><div class=\"slides\"><div class=\"ui-row row\">\n <div   class=\"ui-column span3\"><div class=\"ui--box-widget\"><div class=\"ui--block ui--content-item ui--pass ui--animation\"><div  class=\"ui--content-box ui--box ui-row\"><div class=\"ui--content-box-header\"><div class=\"ui--content-box-media effect--fade type--default clearfix\" style=\"padding-bottom: 56.25%;\"><a class=\"ui--content-box-link\" href=\"https:\/\/www.asilsanmuhendislik.com.tr\/fr\/led-armaturler\/\"><div class=\"ui--content-box-image-default\"><img decoding=\"async\" class=\"ui--content-box-image\" src=\"https:\/\/www.asilsanmuhendislik.com.tr\/wp-content\/uploads\/2021\/09\/led-armaturler-570x321.jpg\" alt=\"\" title=\"\"><\/div><div class=\"ui--content-box-overlay\"><div class=\"ui--content-box-overlay-background\"><\/div><div class=\"center\"><span class=\"btn btn-grey ui--center-vertical\"><span class=\"ui--content-box-overlay-button-text\">Caract\u00e9ristiques du produit<\/span><span class=\"ui--content-box-overlay-button-icon\"><i class=\"ui--icon fontawesome-angle-right\"><\/i><\/span><\/span><\/div><\/div><\/a><\/div><a class=\"ui--content-box-link\" href=\"https:\/\/www.asilsanmuhendislik.com.tr\/fr\/led-armaturler\/\"><div class=\"ui--content-box-title ui--gradient ui--gradient-grey on--hover clearfix text-center\"><h5 class=\"ui--content-box-title-text\">Led Armat\u00fcrler<\/h5><\/div><\/a><\/div><\/div><div class=\"ui--shadow ui--shadow-type-1 ui--shadow-abs ui--shadow-reset clearfix\"><img decoding=\"async\" src=\"https:\/\/www.asilsanmuhendislik.com.tr\/wp-content\/themes\/envision\/includes\/modules\/module.shadow\/shadows\/shadow-1.png\" alt=\"shadow\" title=\"\"><\/div><\/div><\/div><\/div> \n\n<\/div> \n<\/div><\/div><\/div><\/div><\/div><!-- \/.fullwidth-container -->","protected":false},"excerpt":{"rendered":"<p>Exproof Olmayan Ayd\u0131nlatma \u00dcr\u00fcnleri \u00dcr\u00fcn \u00d6zellikleriProjekt\u00f6rler \u00dcr\u00fcn \u00d6zellikleriY\u00fcksek Tavan Armat\u00fcrler \u00dcr\u00fcn \u00d6zellikleriYol &#038; Sokak Armat\u00fcrleri \u00dcr\u00fcn \u00d6zellikleriEtanj Armat\u00fcrler \u00dcr\u00fcn \u00d6zellikleriLineer Armat\u00fcrler \u00dcr\u00fcn \u00d6zellikleriDownlight Armat\u00fcrler \u00dcr\u00fcn \u00d6zellikleriPanel Armat\u00fcrler \u00dcr\u00fcn \u00d6zellikleriSteril-Endirek Panel Armat\u00fcrler \u00dcr\u00fcn \u00d6zellikleriLed Armat\u00fcrler<\/p>","protected":false},"author":1,"featured_media":0,"parent":0,"menu_order":0,"comment_status":"closed","ping_status":"closed","template":"","meta":{"_joinchat":[],"footnotes":""},"class_list":["post-561","page","type-page","status-publish","hentry"],"_links":{"self":[{"href":"https:\/\/www.asilsanmuhendislik.com.tr\/fr\/wp-json\/wp\/v2\/pages\/561","targetHints":{"allow":["GET"]}}],"collection":[{"href":"https:\/\/www.asilsanmuhendislik.com.tr\/fr\/wp-json\/wp\/v2\/pages"}],"about":[{"href":"https:\/\/www.asilsanmuhendislik.com.tr\/fr\/wp-json\/wp\/v2\/types\/page"}],"author":[{"embeddable":true,"href":"https:\/\/www.asilsanmuhendislik.com.tr\/fr\/wp-json\/wp\/v2\/users\/1"}],"replies":[{"embeddable":true,"href":"https:\/\/www.asilsanmuhendislik.com.tr\/fr\/wp-json\/wp\/v2\/comments?post=561"}],"version-history":[{"count":12,"href":"https:\/\/www.asilsanmuhendislik.com.tr\/fr\/wp-json\/wp\/v2\/pages\/561\/revisions"}],"predecessor-version":[{"id":622,"href":"https:\/\/www.asilsanmuhendislik.com.tr\/fr\/wp-json\/wp\/v2\/pages\/561\/revisions\/622"}],"wp:attachment":[{"href":"https:\/\/www.asilsanmuhendislik.com.tr\/fr\/wp-json\/wp\/v2\/media?parent=561"}],"curies":[{"name":"wp","href":"https:\/\/api.w.org\/{rel}","templated":true}]}}