{"id":604,"date":"2021-09-28T23:22:22","date_gmt":"2021-09-28T20:22:22","guid":{"rendered":"https:\/\/www.asilsanmuhendislik.com.tr\/?page_id=604"},"modified":"2021-09-29T00:00:48","modified_gmt":"2021-09-28T21:00:48","slug":"yol-sokak-armaturleri","status":"publish","type":"page","link":"https:\/\/www.asilsanmuhendislik.com.tr\/fr\/yol-sokak-armaturleri\/","title":{"rendered":"Yol &#038; Sokak Armat\u00fcrleri"},"content":{"rendered":"<div  class=\"fullwidth-content ui--section clearfix\" style=\"margin-top: -65px;  margin-bottom: -65px;\"><div  class=\"ui--section-content\"><div class=\"container\"><div class=\"ui--custom-menu-bar ui--gradient ui--gradient-grey hover-effect fullwidth-container ui--height-normal text-left clearfix\"><ul class=\"unstyled clearfix\"><li class=\"first-item ui--icon-position-left\" title=\"\"><span><i class=\"ui--icon fontawesome-angle-left\"><\/i> <a href=\"\/fr\/urunler\/\">Tous les produits<\/a> retour \u00e0 la page <\/span><\/li><li class=\"last-item ui--icon-position-left\" title=\"\"><span><i class=\"ui--icon fontawesome-shield\"><\/i> Bu \u00fcr\u00fcn\u00fcm\u00fcz exproof \u00f6zelli\u011fi ta\u015f\u0131mamaktad\u0131r. <\/span><\/li><\/ul><\/div><div class=\"ui--custom-menu-bar ui--gradient ui--gradient-grey hover-effect ui--box orientation-horizontal ui--height-normal text-center clearfix\"><ul class=\"unstyled clearfix\"><li class=\"first-item ui--icon-position-left\" title=\"\"><span> <strong>Cat\u00e9gorie:<\/strong> <a href=\"\/fr\/diger-urunler\/\">Di\u011fer \u00dcr\u00fcnler<\/a> <\/span><\/li><li class=\"ui--icon-position-left\" title=\"\"><span> <strong>Sous-cat\u00e9gorie:<\/strong> <a href=\"\/fr\/diger-urunler\/\">Appareils d&#039;\u00e9clairage<\/a> <\/span><\/li><li class=\"ui--icon-position-left\" title=\"\"><a href=\"https:\/\/www.asilsanmuhendislik.com.tr\/fr\/iletisim\/\" target=\"_blank\"><i class=\"ui--icon fontawesome-shopping-cart\"><\/i> Obtenez un devis <\/a><\/li><li class=\"last-item ui--icon-position-left\" title=\"\"><span> Tous nos produits sont Asilsan M\u00fchendislik A.\u015e. est couvert par la garantie. <\/span><\/li><\/ul><\/div><div class=\"ui-row row\">\n <div   class=\"ui-column span4\"><div class=\"ui--custom-menu-bar ui--gradient ui--gradient-grey hover-effect ui--box orientation-vertical ui--height-thin text-left clearfix\"><ul class=\"unstyled clearfix\"><li class=\"first-item ui--gradient-grey ui--icon-position-left\" title=\"\"><span> <strong>Nom du produit:<\/strong> Yol & Sokak Armat\u00fcrleri <\/span><\/li><li class=\"ui--gradient-grey ui--icon-position-left\" title=\"\"><span> <strong>Zone d&#039;utilisation:<\/strong> G\u00e9n\u00e9ral <\/span><\/li><li class=\"ui--gradient-grey ui--icon-position-left\" title=\"\"><a href=\"\/wp-content\/asilsan-yol-sokak-armaturleri.pdf\" target=\"_blank\"><img decoding=\"async\" class=\"ui--icon\" src=\"https:\/\/www.asilsanmuhendislik.com.tr\/wp-content\/uploads\/2020\/11\/pdf-urun.png\" alt=\"\" data-at2x=\"\" data-retina-auto=\"1\" title=\"\">  T\u00e9l\u00e9charger le fichier PDF du produit <\/a><\/li><li class=\"last-item ui--gradient-grey ui--icon-position-left\" title=\"\"><a href=\"\/wp-content\/asilsan-yol-sokak-armaturleri.pdf\" target=\"_blank\"><img decoding=\"async\" class=\"ui--icon\" src=\"https:\/\/www.asilsanmuhendislik.com.tr\/wp-content\/uploads\/2020\/11\/pdf-urun.png\" alt=\"\" data-at2x=\"\" data-retina-auto=\"1\" title=\"\">  T\u00e9l\u00e9charger le fichier PDF du catalogue de produits <\/a><\/li><\/ul><\/div><\/div> \n\n <div   class=\"ui-column span8\"><div class=\"ui--title ui--animation ui--title-bordered text-left\"><div class=\"ui--title-holder\"><h3 class=\"ui--title-text\">Yol & Sokak Armat\u00fcrleri Detayl\u0131 Bilgiler<\/h3><div class=\"ui--title-borders ui--title-border-left\"><\/div><div class=\"ui--title-borders ui--title-border-right\"><\/div><\/div><\/div><div class=\"ui-row row\">\n <div   class=\"ui-column span6\"><div class=\"auto-format ui--animation\"><p>Exproof \u00f6zelli\u011fi ta\u015f\u0131mayan armat\u00fcrler, tehlikeli a\u00e7\u0131k ya da kapal\u0131 alanlarda kullan\u0131lamaz. Yaln\u0131zca genel ayd\u0131nlatma ama\u00e7l\u0131 projelerde kullan\u0131lmaktad\u0131r.<br \/>\n<br \/>Modeller:<\/p>\n<ul>\n<li>Lion-S<\/li>\n<li>Lion-B<\/li>\n<li>Linden<\/li>\n<\/ul>\n<\/div><\/div> \n\n <div   class=\"ui-column span6\"><div class=\"ui--image-wrap clearfix\"><img decoding=\"async\"  id=\"ui--image-1\" class=\"ui--image ui--animation\" src=\"https:\/\/www.asilsanmuhendislik.com.tr\/wp-content\/uploads\/2021\/09\/yol-ve-sokak-armaturleri.jpg\" alt=\"Yol &amp; Sokak Armat\u00fcrleri\" title=\"Yol &amp; Sokak Armat\u00fcrleri\" data-at2x=\"\"\/><\/div><\/div> \n\n<\/div> \n<div class=\"ui-row row\">\n <div   class=\"ui-column span6\"><div class=\"auto-format ui--animation\"><p>\u00dcr\u00fcn\u00fcm\u00fczle alakal\u0131 detaylar\u0131 PDF dosyas\u0131ndan inceleyebilirsiniz.<\/p>\n<\/div><\/div> \n\n <div   class=\"ui-column span6\"><\/div> \n\n<\/div> \n<div class=\"auto-format ui--animation\"><\/div><\/div> \n\n<\/div> \n<div class=\"text-center\"><div  class=\"ui--space clearfix\" data-responsive=\"{&quot;css&quot;:{&quot;height&quot;:{&quot;phone&quot;:null,&quot;tablet&quot;:null,&quot;widescreen&quot;:null}}}\"><\/div><h3 id=\"custom-title-h3-1\" class=\"ui--animation\" style=\"text-align: center; \">Produits similaires<\/h3><div class=\"ui--carousel clearfix\" data-options=\"{&quot;effect&quot;:&quot;slide&quot;,&quot;auto_rotate&quot;:&quot;1&quot;,&quot;animation_loop&quot;:&quot;0&quot;,&quot;arrows&quot;:&quot;1&quot;,&quot;rotate_time&quot;:0,&quot;animate&quot;:true}\"><div class=\"slides\"><div class=\"ui-row row\">\n <div   class=\"ui-column span3\"><div class=\"ui--box-widget\"><div class=\"ui--block ui--content-item ui--pass ui--animation\"><div  class=\"ui--content-box ui--box ui-row\"><div class=\"ui--content-box-header\"><div class=\"ui--content-box-media effect--fade type--default clearfix\" style=\"padding-bottom: 56.25%;\"><a class=\"ui--content-box-link\" href=\"https:\/\/www.asilsanmuhendislik.com.tr\/fr\/projektorler\/\"><div class=\"ui--content-box-image-default\"><img decoding=\"async\" class=\"ui--content-box-image\" src=\"https:\/\/www.asilsanmuhendislik.com.tr\/wp-content\/uploads\/2021\/09\/projektorler-570x321.jpg\" alt=\"\" title=\"\"><\/div><div class=\"ui--content-box-overlay\"><div class=\"ui--content-box-overlay-background\"><\/div><div class=\"center\"><span class=\"btn btn-grey ui--center-vertical\"><span class=\"ui--content-box-overlay-button-text\">Caract\u00e9ristiques du produit<\/span><span class=\"ui--content-box-overlay-button-icon\"><i class=\"ui--icon fontawesome-angle-right\"><\/i><\/span><\/span><\/div><\/div><\/a><\/div><a class=\"ui--content-box-link\" href=\"https:\/\/www.asilsanmuhendislik.com.tr\/fr\/projektorler\/\"><div class=\"ui--content-box-title ui--gradient ui--gradient-grey on--hover clearfix text-center\"><h5 class=\"ui--content-box-title-text\">Projekt\u00f6rler<\/h5><\/div><\/a><\/div><\/div><div class=\"ui--shadow ui--shadow-type-1 ui--shadow-abs ui--shadow-reset clearfix\"><img decoding=\"async\" src=\"https:\/\/www.asilsanmuhendislik.com.tr\/wp-content\/themes\/envision\/includes\/modules\/module.shadow\/shadows\/shadow-1.png\" alt=\"shadow\" title=\"\"><\/div><\/div><\/div><\/div> \n\n <div   class=\"ui-column span3\"><div class=\"ui--box-widget\"><div class=\"ui--block ui--content-item ui--pass ui--animation\"><div  class=\"ui--content-box ui--box ui-row\"><div class=\"ui--content-box-header\"><div class=\"ui--content-box-media effect--fade type--default clearfix\" style=\"padding-bottom: 56.25%;\"><a class=\"ui--content-box-link\" href=\"https:\/\/www.asilsanmuhendislik.com.tr\/fr\/yuksek-tavan-armaturler\/\"><div class=\"ui--content-box-image-default\"><img decoding=\"async\" class=\"ui--content-box-image\" src=\"https:\/\/www.asilsanmuhendislik.com.tr\/wp-content\/uploads\/2021\/09\/yuksek-tavan-armaturler-570x321.jpg\" alt=\"\" title=\"\"><\/div><div class=\"ui--content-box-overlay\"><div class=\"ui--content-box-overlay-background\"><\/div><div class=\"center\"><span class=\"btn btn-grey ui--center-vertical\"><span class=\"ui--content-box-overlay-button-text\">Caract\u00e9ristiques du produit<\/span><span class=\"ui--content-box-overlay-button-icon\"><i class=\"ui--icon fontawesome-angle-right\"><\/i><\/span><\/span><\/div><\/div><\/a><\/div><a class=\"ui--content-box-link\" href=\"https:\/\/www.asilsanmuhendislik.com.tr\/fr\/yuksek-tavan-armaturler\/\"><div class=\"ui--content-box-title ui--gradient ui--gradient-grey on--hover clearfix text-center\"><h5 class=\"ui--content-box-title-text\">Y\u00fcksek Tavan Armat\u00fcrler<\/h5><\/div><\/a><\/div><\/div><div class=\"ui--shadow ui--shadow-type-1 ui--shadow-abs ui--shadow-reset clearfix\"><img decoding=\"async\" src=\"https:\/\/www.asilsanmuhendislik.com.tr\/wp-content\/themes\/envision\/includes\/modules\/module.shadow\/shadows\/shadow-1.png\" alt=\"shadow\" title=\"\"><\/div><\/div><\/div><\/div> \n\n <div   class=\"ui-column span3\"><div class=\"ui--box-widget\"><div class=\"ui--block ui--content-item ui--pass ui--animation\"><div  class=\"ui--content-box ui--box ui-row\"><div class=\"ui--content-box-header\"><div class=\"ui--content-box-media effect--fade type--default clearfix\" style=\"padding-bottom: 56.25%;\"><a class=\"ui--content-box-link\" href=\"https:\/\/www.asilsanmuhendislik.com.tr\/fr\/yol-sokak-armaturleri\/\"><div class=\"ui--content-box-image-default\"><img decoding=\"async\" class=\"ui--content-box-image\" src=\"https:\/\/www.asilsanmuhendislik.com.tr\/wp-content\/uploads\/2021\/09\/yol-ve-sokak-armaturleri-570x321.jpg\" alt=\"\" title=\"\"><\/div><div class=\"ui--content-box-overlay\"><div class=\"ui--content-box-overlay-background\"><\/div><div class=\"center\"><span class=\"btn btn-grey ui--center-vertical\"><span class=\"ui--content-box-overlay-button-text\">Caract\u00e9ristiques du produit<\/span><span class=\"ui--content-box-overlay-button-icon\"><i class=\"ui--icon fontawesome-angle-right\"><\/i><\/span><\/span><\/div><\/div><\/a><\/div><a class=\"ui--content-box-link\" href=\"https:\/\/www.asilsanmuhendislik.com.tr\/fr\/yol-sokak-armaturleri\/\"><div class=\"ui--content-box-title ui--gradient ui--gradient-grey on--hover clearfix text-center\"><h5 class=\"ui--content-box-title-text\">Yol & Sokak Armat\u00fcrleri<\/h5><\/div><\/a><\/div><\/div><div class=\"ui--shadow ui--shadow-type-1 ui--shadow-abs ui--shadow-reset clearfix\"><img decoding=\"async\" src=\"https:\/\/www.asilsanmuhendislik.com.tr\/wp-content\/themes\/envision\/includes\/modules\/module.shadow\/shadows\/shadow-1.png\" alt=\"shadow\" title=\"\"><\/div><\/div><\/div><\/div> \n\n <div   class=\"ui-column span3\"><div class=\"ui--box-widget\"><div class=\"ui--block ui--content-item ui--pass ui--animation\"><div  class=\"ui--content-box ui--box ui-row\"><div class=\"ui--content-box-header\"><div class=\"ui--content-box-media effect--fade type--default clearfix\" style=\"padding-bottom: 56.25%;\"><a class=\"ui--content-box-link\" href=\"https:\/\/www.asilsanmuhendislik.com.tr\/fr\/etanj-armaturler\/\"><div class=\"ui--content-box-image-default\"><img decoding=\"async\" class=\"ui--content-box-image\" src=\"https:\/\/www.asilsanmuhendislik.com.tr\/wp-content\/uploads\/2021\/09\/etanj-armaturler-570x321.jpg\" alt=\"\" title=\"\"><\/div><div class=\"ui--content-box-overlay\"><div class=\"ui--content-box-overlay-background\"><\/div><div class=\"center\"><span class=\"btn btn-grey ui--center-vertical\"><span class=\"ui--content-box-overlay-button-text\">Caract\u00e9ristiques du produit<\/span><span class=\"ui--content-box-overlay-button-icon\"><i class=\"ui--icon fontawesome-angle-right\"><\/i><\/span><\/span><\/div><\/div><\/a><\/div><a class=\"ui--content-box-link\" href=\"https:\/\/www.asilsanmuhendislik.com.tr\/fr\/etanj-armaturler\/\"><div class=\"ui--content-box-title ui--gradient ui--gradient-grey on--hover clearfix text-center\"><h5 class=\"ui--content-box-title-text\">Etanj Armat\u00fcrler<\/h5><\/div><\/a><\/div><\/div><div class=\"ui--shadow ui--shadow-type-1 ui--shadow-abs ui--shadow-reset clearfix\"><img decoding=\"async\" src=\"https:\/\/www.asilsanmuhendislik.com.tr\/wp-content\/themes\/envision\/includes\/modules\/module.shadow\/shadows\/shadow-1.png\" alt=\"shadow\" title=\"\"><\/div><\/div><\/div><\/div> \n\n<\/div> \n<div class=\"ui-row row\">\n <div   class=\"ui-column span3\"><div class=\"ui--box-widget\"><div class=\"ui--block ui--content-item ui--pass ui--animation\"><div  class=\"ui--content-box ui--box ui-row\"><div class=\"ui--content-box-header\"><div class=\"ui--content-box-media effect--fade type--default clearfix\" style=\"padding-bottom: 56.25%;\"><a class=\"ui--content-box-link\" href=\"https:\/\/www.asilsanmuhendislik.com.tr\/fr\/lineer-armaturler\/\"><div class=\"ui--content-box-image-default\"><img decoding=\"async\" class=\"ui--content-box-image\" src=\"https:\/\/www.asilsanmuhendislik.com.tr\/wp-content\/uploads\/2021\/09\/lineer-armaturler-570x321.jpg\" alt=\"\" title=\"\"><\/div><div class=\"ui--content-box-overlay\"><div class=\"ui--content-box-overlay-background\"><\/div><div class=\"center\"><span class=\"btn btn-grey ui--center-vertical\"><span class=\"ui--content-box-overlay-button-text\">Caract\u00e9ristiques du produit<\/span><span class=\"ui--content-box-overlay-button-icon\"><i class=\"ui--icon fontawesome-angle-right\"><\/i><\/span><\/span><\/div><\/div><\/a><\/div><a class=\"ui--content-box-link\" href=\"https:\/\/www.asilsanmuhendislik.com.tr\/fr\/lineer-armaturler\/\"><div class=\"ui--content-box-title ui--gradient ui--gradient-grey on--hover clearfix text-center\"><h5 class=\"ui--content-box-title-text\">Lineer Armat\u00fcrler<\/h5><\/div><\/a><\/div><\/div><div class=\"ui--shadow ui--shadow-type-1 ui--shadow-abs ui--shadow-reset clearfix\"><img decoding=\"async\" src=\"https:\/\/www.asilsanmuhendislik.com.tr\/wp-content\/themes\/envision\/includes\/modules\/module.shadow\/shadows\/shadow-1.png\" alt=\"shadow\" title=\"\"><\/div><\/div><\/div><\/div> \n\n <div   class=\"ui-column span3\"><div class=\"ui--box-widget\"><div class=\"ui--block ui--content-item ui--pass ui--animation\"><div  class=\"ui--content-box ui--box ui-row\"><div class=\"ui--content-box-header\"><div class=\"ui--content-box-media effect--fade type--default clearfix\" style=\"padding-bottom: 56.25%;\"><a class=\"ui--content-box-link\" href=\"https:\/\/www.asilsanmuhendislik.com.tr\/fr\/downlight-armaturler\/\"><div class=\"ui--content-box-image-default\"><img decoding=\"async\" class=\"ui--content-box-image\" src=\"https:\/\/www.asilsanmuhendislik.com.tr\/wp-content\/uploads\/2021\/09\/downlight-armaturler-570x321.jpg\" alt=\"\" title=\"\"><\/div><div class=\"ui--content-box-overlay\"><div class=\"ui--content-box-overlay-background\"><\/div><div class=\"center\"><span class=\"btn btn-grey ui--center-vertical\"><span class=\"ui--content-box-overlay-button-text\">Caract\u00e9ristiques du produit<\/span><span class=\"ui--content-box-overlay-button-icon\"><i class=\"ui--icon fontawesome-angle-right\"><\/i><\/span><\/span><\/div><\/div><\/a><\/div><a class=\"ui--content-box-link\" href=\"https:\/\/www.asilsanmuhendislik.com.tr\/fr\/downlight-armaturler\/\"><div class=\"ui--content-box-title ui--gradient ui--gradient-grey on--hover clearfix text-center\"><h5 class=\"ui--content-box-title-text\">Downlight Armat\u00fcrler<\/h5><\/div><\/a><\/div><\/div><div class=\"ui--shadow ui--shadow-type-1 ui--shadow-abs ui--shadow-reset clearfix\"><img decoding=\"async\" src=\"https:\/\/www.asilsanmuhendislik.com.tr\/wp-content\/themes\/envision\/includes\/modules\/module.shadow\/shadows\/shadow-1.png\" alt=\"shadow\" title=\"\"><\/div><\/div><\/div><\/div> \n\n <div   class=\"ui-column span3\"><div class=\"ui--box-widget\"><div class=\"ui--block ui--content-item ui--pass ui--animation\"><div  class=\"ui--content-box ui--box ui-row\"><div class=\"ui--content-box-header\"><div class=\"ui--content-box-media effect--fade type--default clearfix\" style=\"padding-bottom: 56.25%;\"><a class=\"ui--content-box-link\" href=\"https:\/\/www.asilsanmuhendislik.com.tr\/fr\/panel-armaturler\/\"><div class=\"ui--content-box-image-default\"><img decoding=\"async\" class=\"ui--content-box-image\" src=\"https:\/\/www.asilsanmuhendislik.com.tr\/wp-content\/uploads\/2021\/09\/panel-armaturler-570x321.jpg\" alt=\"\" title=\"\"><\/div><div class=\"ui--content-box-overlay\"><div class=\"ui--content-box-overlay-background\"><\/div><div class=\"center\"><span class=\"btn btn-grey ui--center-vertical\"><span class=\"ui--content-box-overlay-button-text\">Caract\u00e9ristiques du produit<\/span><span class=\"ui--content-box-overlay-button-icon\"><i class=\"ui--icon fontawesome-angle-right\"><\/i><\/span><\/span><\/div><\/div><\/a><\/div><a class=\"ui--content-box-link\" href=\"https:\/\/www.asilsanmuhendislik.com.tr\/fr\/panel-armaturler\/\"><div class=\"ui--content-box-title ui--gradient ui--gradient-grey on--hover clearfix text-center\"><h5 class=\"ui--content-box-title-text\">Panel Armat\u00fcrler<\/h5><\/div><\/a><\/div><\/div><div class=\"ui--shadow ui--shadow-type-1 ui--shadow-abs ui--shadow-reset clearfix\"><img decoding=\"async\" src=\"https:\/\/www.asilsanmuhendislik.com.tr\/wp-content\/themes\/envision\/includes\/modules\/module.shadow\/shadows\/shadow-1.png\" alt=\"shadow\" title=\"\"><\/div><\/div><\/div><\/div> \n\n <div   class=\"ui-column span3\"><div class=\"ui--box-widget\"><div class=\"ui--block ui--content-item ui--pass ui--animation\"><div  class=\"ui--content-box ui--box ui-row\"><div class=\"ui--content-box-header\"><div class=\"ui--content-box-media effect--fade type--default clearfix\" style=\"padding-bottom: 56.25%;\"><a class=\"ui--content-box-link\" href=\"https:\/\/www.asilsanmuhendislik.com.tr\/fr\/steril-endirek-panel-armaturler\/\"><div class=\"ui--content-box-image-default\"><img decoding=\"async\" class=\"ui--content-box-image\" src=\"https:\/\/www.asilsanmuhendislik.com.tr\/wp-content\/uploads\/2021\/09\/steril-endirek-panel-armaturler-570x321.jpg\" alt=\"\" title=\"\"><\/div><div class=\"ui--content-box-overlay\"><div class=\"ui--content-box-overlay-background\"><\/div><div class=\"center\"><span class=\"btn btn-grey ui--center-vertical\"><span class=\"ui--content-box-overlay-button-text\">Caract\u00e9ristiques du produit<\/span><span class=\"ui--content-box-overlay-button-icon\"><i class=\"ui--icon fontawesome-angle-right\"><\/i><\/span><\/span><\/div><\/div><\/a><\/div><a class=\"ui--content-box-link\" href=\"https:\/\/www.asilsanmuhendislik.com.tr\/fr\/steril-endirek-panel-armaturler\/\"><div class=\"ui--content-box-title ui--gradient ui--gradient-grey on--hover clearfix text-center\"><h5 class=\"ui--content-box-title-text\">Steril-Endirek Panel Armat\u00fcrler<\/h5><\/div><\/a><\/div><\/div><div class=\"ui--shadow ui--shadow-type-1 ui--shadow-abs ui--shadow-reset clearfix\"><img decoding=\"async\" src=\"https:\/\/www.asilsanmuhendislik.com.tr\/wp-content\/themes\/envision\/includes\/modules\/module.shadow\/shadows\/shadow-1.png\" alt=\"shadow\" title=\"\"><\/div><\/div><\/div><\/div> \n\n<\/div> \n<div class=\"ui-row row\">\n <div   class=\"ui-column span3\"><div class=\"ui--box-widget\"><div class=\"ui--block ui--content-item ui--pass ui--animation\"><div  class=\"ui--content-box ui--box ui-row\"><div class=\"ui--content-box-header\"><div class=\"ui--content-box-media effect--fade type--default clearfix\" style=\"padding-bottom: 56.25%;\"><a class=\"ui--content-box-link\" href=\"https:\/\/www.asilsanmuhendislik.com.tr\/fr\/led-armaturler\/\"><div class=\"ui--content-box-image-default\"><img decoding=\"async\" class=\"ui--content-box-image\" src=\"https:\/\/www.asilsanmuhendislik.com.tr\/wp-content\/uploads\/2021\/09\/led-armaturler-570x321.jpg\" alt=\"\" title=\"\"><\/div><div class=\"ui--content-box-overlay\"><div class=\"ui--content-box-overlay-background\"><\/div><div class=\"center\"><span class=\"btn btn-grey ui--center-vertical\"><span class=\"ui--content-box-overlay-button-text\">Caract\u00e9ristiques du produit<\/span><span class=\"ui--content-box-overlay-button-icon\"><i class=\"ui--icon fontawesome-angle-right\"><\/i><\/span><\/span><\/div><\/div><\/a><\/div><a class=\"ui--content-box-link\" href=\"https:\/\/www.asilsanmuhendislik.com.tr\/fr\/led-armaturler\/\"><div class=\"ui--content-box-title ui--gradient ui--gradient-grey on--hover clearfix text-center\"><h5 class=\"ui--content-box-title-text\">Led Armat\u00fcrler<\/h5><\/div><\/a><\/div><\/div><div class=\"ui--shadow ui--shadow-type-1 ui--shadow-abs ui--shadow-reset clearfix\"><img decoding=\"async\" src=\"https:\/\/www.asilsanmuhendislik.com.tr\/wp-content\/themes\/envision\/includes\/modules\/module.shadow\/shadows\/shadow-1.png\" alt=\"shadow\" title=\"\"><\/div><\/div><\/div><\/div> \n\n<\/div> \n<\/div><\/div><div  class=\"ui--space clearfix\" data-responsive=\"{&quot;css&quot;:{&quot;height&quot;:{&quot;phone&quot;:null,&quot;tablet&quot;:null,&quot;widescreen&quot;:null}}}\"><\/div><\/div><\/div><\/div><\/div><!-- \/.fullwidth-container -->","protected":false},"excerpt":{"rendered":"<p>T\u00fcm \u00dcr\u00fcnler sayfas\u0131na geri d\u00f6n Bu \u00fcr\u00fcn\u00fcm\u00fcz exproof \u00f6zelli\u011fi ta\u015f\u0131mamaktad\u0131r. Kategori : Di\u011fer \u00dcr\u00fcnler Alt Kategori : Ayd\u0131nlatma Armat\u00fcrleri Fiyat Teklifi Al \u00dcr\u00fcnlerimizin t\u00fcm\u00fc Asilsan M\u00fchendislik A.\u015e. garantisi kapsam\u0131ndad\u0131r. \u00dcr\u00fcn Ad\u0131 : Yol &#038; Sokak Armat\u00fcrleri Kullan\u0131m Sahas\u0131 : Genel \u00dcr\u00fcn PDF Dosyas\u0131n\u0131 \u0130ndir \u00dcr\u00fcn Katalo\u011fu PDF Dosyas\u0131n\u0131 \u0130ndir Yol &#038; Sokak Armat\u00fcrleri Detayl\u0131 Bilgiler [&hellip;]<\/p>","protected":false},"author":1,"featured_media":0,"parent":0,"menu_order":0,"comment_status":"closed","ping_status":"closed","template":"","meta":{"_joinchat":[],"footnotes":""},"class_list":["post-604","page","type-page","status-publish","hentry"],"_links":{"self":[{"href":"https:\/\/www.asilsanmuhendislik.com.tr\/fr\/wp-json\/wp\/v2\/pages\/604","targetHints":{"allow":["GET"]}}],"collection":[{"href":"https:\/\/www.asilsanmuhendislik.com.tr\/fr\/wp-json\/wp\/v2\/pages"}],"about":[{"href":"https:\/\/www.asilsanmuhendislik.com.tr\/fr\/wp-json\/wp\/v2\/types\/page"}],"author":[{"embeddable":true,"href":"https:\/\/www.asilsanmuhendislik.com.tr\/fr\/wp-json\/wp\/v2\/users\/1"}],"replies":[{"embeddable":true,"href":"https:\/\/www.asilsanmuhendislik.com.tr\/fr\/wp-json\/wp\/v2\/comments?post=604"}],"version-history":[{"count":2,"href":"https:\/\/www.asilsanmuhendislik.com.tr\/fr\/wp-json\/wp\/v2\/pages\/604\/revisions"}],"predecessor-version":[{"id":628,"href":"https:\/\/www.asilsanmuhendislik.com.tr\/fr\/wp-json\/wp\/v2\/pages\/604\/revisions\/628"}],"wp:attachment":[{"href":"https:\/\/www.asilsanmuhendislik.com.tr\/fr\/wp-json\/wp\/v2\/media?parent=604"}],"curies":[{"name":"wp","href":"https:\/\/api.w.org\/{rel}","templated":true}]}}